{"id":10588,"date":"2024-05-13T22:58:30","date_gmt":"2024-05-13T20:58:30","guid":{"rendered":"https:\/\/padelgalis.com\/rechtliche-hinweise\/"},"modified":"2025-07-28T08:55:37","modified_gmt":"2025-07-28T06:55:37","slug":"rechtliche-hinweise","status":"publish","type":"page","link":"https:\/\/padelgalis.com\/de\/rechtliche-hinweise\/","title":{"rendered":"Rechtlicher Hinweis"},"content":{"rendered":"\n<ol class=\"wp-block-list\">\n<li>OBJEKT<\/li>\n<\/ol>\n\n<p>Dieser rechtliche Hinweis regelt die Nutzung und den Gebrauch der Website <a href=\"https:\/\/www.padelgalis.com\/\">www.padelgalis.com,<\/a> die Eigentum von GRUPO GALIS WORLD, S.L. (im Folgenden: EIGENT\u00dcMER DER WEBSITE) ist.<\/p>\n\n<p>Das Surfen auf der Website des WEBSITE-BESITZERS setzt voraus, dass der BENUTZER derselben die in diesem rechtlichen Hinweis ver\u00f6ffentlichten Bedingungen vollst\u00e4ndig und vorbehaltlos akzeptiert, wobei darauf hingewiesen wird, dass diese Bedingungen ohne vorherige Ank\u00fcndigung durch den WEBSITE-BESITZER ge\u00e4ndert werden k\u00f6nnen; in diesem Fall werden sie so weit wie m\u00f6glich im Voraus ver\u00f6ffentlicht und mitgeteilt.<\/p>\n\n<p>Es ist daher ratsam, seinen Inhalt sorgf\u00e4ltig zu lesen, wenn Sie auf die auf dieser Website angebotenen Informationen und Dienste zugreifen und diese nutzen m\u00f6chten.<\/p>\n\n<p>Der Nutzer verpflichtet sich au\u00dferdem, die Website in \u00dcbereinstimmung mit dem Gesetz, Treu und Glauben, der \u00f6ffentlichen Ordnung, der Verkehrsnutzung und diesem rechtlichen Hinweis zu nutzen und haftet gegen\u00fcber dem WEBSITE-BESITZER oder Dritten f\u00fcr alle Sch\u00e4den, die durch die Nichteinhaltung dieser Verpflichtung verursacht werden.<\/p>\n\n<p>Jede andere als die genehmigte Nutzung ist ausdr\u00fccklich verboten, und DER WEBSITE-BESITZER kann den Zugang und die Nutzung jederzeit verweigern oder widerrufen.<\/p>\n\n<ol start=\"2\" class=\"wp-block-list\">\n<li>IDENTIFIZIERUNG<\/li>\n<\/ol>\n\n<p>DER EIGENT\u00dcMER DER WEBSITE informiert Sie in \u00dcbereinstimmung mit dem Gesetz 34\/2002 vom 11. Juli \u00fcber die Dienste der Informationsgesellschaft und den elektronischen Handel, dass:<\/p>\n\n<ul class=\"wp-block-list\">\n<li>Der Name des Unternehmens lautet: GRUPO GALIS WORLD, S.L.<\/li>\n\n\n\n<li>Ihre Umsatzsteuer-Identifikationsnummer lautet: B98688419<\/li>\n\n\n\n<li>Sein eingetragener Sitz ist in: CL PUIGCAMPANA, 5 Y 7 POL\u00cdGONO GODOFREDO &#8211; 46460 &#8211; SILLA &#8211; VALENCIA<\/li>\n\n\n\n<li>Eingetragen im Handelsregister von Valencia; Band 9879; Buch 7161; Folio 206; Abschnitt 8; Seite V-162437.<\/li>\n<\/ul>\n\n<ol start=\"3\" class=\"wp-block-list\">\n<li>KOMMUNIKATION<\/li>\n<\/ol>\n\n<p>Um mit uns in Kontakt zu treten, stellen wir Ihnen verschiedene Kontaktm\u00f6glichkeiten zur Verf\u00fcgung, die im Folgenden beschrieben werden:<\/p>\n\n<ul class=\"wp-block-list\">\n<li>: <a href=\"tel:963767781\">963767781<\/a>\/<a href=\"tel:653331339\">653331339<\/a><\/li>\n\n\n\n<li>Email: <a href=\"mailto:rgpd@grupogalis.com\">rgpd@grupogalis.com<\/a><\/li>\n<\/ul>\n\n<p>Alle Benachrichtigungen und Mitteilungen zwischen Nutzern und dem EIGENT\u00dcMER DER WEBSITE gelten f\u00fcr alle Zwecke als wirksam, wenn sie auf einem der oben aufgef\u00fchrten Wege erfolgen.<\/p>\n\n<ol start=\"4\" class=\"wp-block-list\">\n<li>BEDINGUNGEN F\u00dcR ZUGANG UND NUTZUNG<\/li>\n<\/ol>\n\n<p>Die Website und ihre Dienste sind frei zug\u00e4nglich und kostenlos. Der EIGENT\u00dcMER DER WEBSITE kann jedoch die Nutzung einiger der auf seiner Website angebotenen Dienste von der vorherigen Ausf\u00fcllung des entsprechenden Formulars abh\u00e4ngig machen. <\/p>\n\n<p>Der Nutzer garantiert die Echtheit und Aktualit\u00e4t aller Daten, die er dem BETREIBER DER WEBSITE zur Verf\u00fcgung stellt, und ist allein verantwortlich f\u00fcr alle falschen oder ungenauen Angaben.<\/p>\n\n<p>Der Benutzer verpflichtet sich ausdr\u00fccklich dazu, die Inhalte und Dienste des Eigent\u00fcmers der Website angemessen zu nutzen und sie nicht zu verwenden, um unter anderem:<\/p>\n\n<ol class=\"wp-block-list\">\n<li>Verbreitung von kriminellen, gewaltt\u00e4tigen, pornografischen, rassistischen, fremdenfeindlichen, beleidigenden, terroristischen Entschuldigungen oder allgemein von Inhalten, die gegen das Gesetz oder die \u00f6ffentliche Ordnung versto\u00dfen.<\/li>\n\n\n\n<li>Computerviren in das Netzwerk einzuschleusen oder Handlungen vorzunehmen, die geeignet sind, elektronische Dokumente, Daten oder physische und logische Systeme des EIGENT\u00dcMERS DER WEBSITE oder Dritter zu ver\u00e4ndern, zu besch\u00e4digen, zu unterbrechen oder Fehler oder Sch\u00e4den zu verursachen; sowie den Zugang anderer Nutzer zur Website und ihren Diensten durch den massiven Verbrauch von Computerressourcen zu behindern, \u00fcber die der EIGENT\u00dcMER DER WEBSITE seine Dienste bereitstellt.<\/li>\n\n\n\n<li>Versuchen, auf die E-Mail-Konten anderer Benutzer oder eingeschr\u00e4nkte Bereiche der Computersysteme des WEBSITE-BESITZERS oder Dritter zuzugreifen und gegebenenfalls Informationen zu extrahieren.<\/li>\n\n\n\n<li>die Rechte an geistigem oder gewerblichem Eigentum zu verletzen, sowie die Vertraulichkeit der Informationen des WEBSITE-BESITZERS oder Dritter zu verletzen.<\/li>\n\n\n\n<li>Sich als ein anderer Benutzer ausgeben.<\/li>\n\n\n\n<li>die Vervielf\u00e4ltigung, das Kopieren, die Verbreitung, die Zurverf\u00fcgungstellung oder jede andere Form der \u00f6ffentlichen Wiedergabe, die Umwandlung oder die Ver\u00e4nderung des Inhalts, es sei denn, dies wurde vom Inhaber der entsprechenden Rechte genehmigt oder ist gesetzlich erlaubt.<\/li>\n\n\n\n<li>Daten f\u00fcr Werbezwecke zu sammeln und Werbung jeglicher Art und Mitteilungen f\u00fcr den Verkauf oder andere kommerzielle Zwecke ohne vorherige Anfrage oder Zustimmung zu versenden.<\/li>\n<\/ol>\n\n<p>Alle Inhalte der Website, wie Texte, Fotografien, Grafiken, Bilder, Icons, Technologie, Software sowie deren grafische Gestaltung und Quellcodes, stellen ein Werk dar, dessen Eigentum dem EIGENT\u00dcMER DER WEBSITE geh\u00f6rt, und keines der Nutzungsrechte daran kann so verstanden werden, dass es \u00fcber das f\u00fcr die korrekte Nutzung der Website unbedingt erforderliche Ma\u00df hinaus auf den Nutzer \u00fcbertragen wird.<\/p>\n\n<p>Kurz gesagt, Benutzer, die auf diese Website zugreifen, k\u00f6nnen die Inhalte einsehen und gegebenenfalls genehmigte Privatkopien anfertigen, vorausgesetzt, dass die reproduzierten Elemente anschlie\u00dfend nicht an Dritte weitergegeben werden, noch auf Servern installiert werden, die mit Netzwerken verbunden sind, noch irgendeiner Art von Verwertung unterzogen werden.<\/p>\n\n<p>Ebenso sind alle Marken, Handelsnamen oder Logos jeglicher Art, die auf der Website erscheinen, Eigentum des EIGENT\u00dcMERS DER WEBSITE, und es kann nicht davon ausgegangen werden, dass die Nutzung oder der Zugang zu ihnen dem Nutzer irgendwelche Rechte an ihnen verleiht.<\/p>\n\n<p>Die Verbreitung, Ver\u00e4nderung, \u00dcbertragung oder \u00f6ffentliche Wiedergabe der Inhalte sowie jede andere Handlung, die nicht ausdr\u00fccklich vom Inhaber der Verwertungsrechte genehmigt wurde, ist verboten.<\/p>\n\n<p>Die Einrichtung eines Hyperlinks impliziert in keinem Fall das Bestehen einer Beziehung zwischen dem EIGENT\u00dcMER DER WEBSITE und dem Eigent\u00fcmer der Website, auf der er eingerichtet ist, noch die Akzeptanz und Zustimmung des EIGENT\u00dcMERS DER WEBSITE zu deren Inhalten oder Dienstleistungen.<\/p>\n\n<p>Der EIGENT\u00dcMER DER WEBSITE ist nicht verantwortlich f\u00fcr die Nutzung der auf dieser Website zur Verf\u00fcgung gestellten Materialien durch die einzelnen Nutzer und f\u00fcr die auf deren Grundlage durchgef\u00fchrten Aktionen.<\/p>\n\n<ul class=\"wp-block-list\">\n<li>AUSSCHLUSS VON GARANTIEN UND HAFTUNG F\u00dcR ZUGANG UND NUTZUNG<\/li>\n<\/ul>\n\n<p>Der Inhalt dieser Website ist allgemeiner Natur und dient nur zu Informationszwecken. Der Zugang zu allen Inhalten wird nicht in vollem Umfang garantiert, ebenso wenig wie deren Vollst\u00e4ndigkeit, Richtigkeit, G\u00fcltigkeit oder Aktualit\u00e4t, noch deren Eignung oder N\u00fctzlichkeit f\u00fcr einen bestimmten Zweck.<\/p>\n\n<p>Der WEBSITE-BESITZER schlie\u00dft, soweit gesetzlich zul\u00e4ssig, jegliche Haftung f\u00fcr Sch\u00e4den jeglicher Art aus, die aus:<\/p>\n\n<ol class=\"wp-block-list\">\n<li>Die Unm\u00f6glichkeit des Zugriffs auf die Website oder der Mangel an Wahrhaftigkeit, Genauigkeit, Vollst\u00e4ndigkeit und\/oder Aktualit\u00e4t des Inhalts sowie das Vorhandensein von Fehlern und M\u00e4ngeln jeglicher Art in den \u00fcbermittelten, verbreiteten, gespeicherten, zur Verf\u00fcgung gestellten, \u00fcber die Website abgerufenen Inhalten oder den angebotenen Dienstleistungen.<\/li>\n\n\n\n<li>Das Vorhandensein von Viren oder anderen Elementen in den Inhalten, die Ver\u00e4nderungen in Computersystemen, elektronischen Dokumenten oder Benutzerdaten verursachen k\u00f6nnen.<\/li>\n\n\n\n<li>Nichteinhaltung von Gesetzen, Treu und Glauben, der \u00f6ffentlichen Ordnung, des Verkehrs und des vorliegenden rechtlichen Hinweises als Folge einer unsachgem\u00e4\u00dfen Nutzung der Website. Insbesondere, und als Beispiel, ist der EIGENT\u00dcMER DER WEBSITE nicht verantwortlich f\u00fcr die Handlungen Dritter, die geistige und gewerbliche Eigentumsrechte, Gesch\u00e4ftsgeheimnisse, Rechte auf Ehre, pers\u00f6nliche und famili\u00e4re Privatsph\u00e4re und das Selbstbild verletzen, sowie f\u00fcr die Vorschriften \u00fcber unlauteren Wettbewerb und illegale Werbung. <\/li>\n<\/ol>\n\n<p>Ebenso lehnt der EIGENT\u00dcMER DER WEBSITE jede Verantwortung f\u00fcr Informationen ab, die au\u00dferhalb dieser Website liegen und nicht direkt von unserem Webmaster verwaltet werden. Die Funktion der Links, die auf dieser Website erscheinen, besteht ausschlie\u00dflich darin, den Benutzer \u00fcber die Existenz anderer Quellen zu informieren, die den auf dieser Website angebotenen Inhalt erweitern k\u00f6nnen. Der EIGENT\u00dcMER DER WEBSITE garantiert nicht f\u00fcr den Betrieb oder die Zug\u00e4nglichkeit der verlinkten Seiten und ist auch nicht f\u00fcr deren Besuch oder die Ergebnisse verantwortlich. Der WEBSITE-BESITZER ist nicht verantwortlich f\u00fcr die Einrichtung von Hyperlinks durch Dritte.   <\/p>\n\n<ul class=\"wp-block-list\">\n<li>VERFAHREN IM FALLE RECHTSWIDRIGER AKTIVIT\u00c4TEN<\/li>\n<\/ul>\n\n<p>Sollte ein Nutzer oder ein Dritter der Ansicht sein, dass es Tatsachen oder Umst\u00e4nde gibt, die den rechtswidrigen Charakter der Nutzung von Inhalten und\/oder der Durchf\u00fchrung von Aktivit\u00e4ten auf den in der Website enthaltenen oder \u00fcber die Website zug\u00e4nglichen Webseiten erkennen lassen, m\u00fcssen sie eine Mitteilung an den EIGENT\u00dcMER DER WEBSITE senden, in der sie sich ordnungsgem\u00e4\u00df identifizieren und die angeblichen Verst\u00f6\u00dfe angeben.<\/p>\n\n<ul class=\"wp-block-list\">\n<li>PUBLIKATIONEN<\/li>\n<\/ul>\n\n<p>Die \u00fcber die Website zur Verf\u00fcgung gestellten Verwaltungsinformationen ersetzen nicht die rechtliche Ver\u00f6ffentlichung von Gesetzen, Verordnungen, Pl\u00e4nen, allgemeinen Bestimmungen und Akten, die f\u00f6rmlich in den Amtsbl\u00e4ttern der \u00f6ffentlichen Verwaltungen ver\u00f6ffentlicht werden m\u00fcssen, die das einzige Instrument sind, das ihre Authentizit\u00e4t und ihren Inhalt best\u00e4tigt. Die auf dieser Website verf\u00fcgbaren Informationen sind als Leitfaden zu verstehen, der keine rechtliche G\u00fcltigkeit hat. <\/p>\n\n<ol start=\"5\" class=\"wp-block-list\">\n<li>ANWENDBARES RECHT<\/li>\n<\/ol>\n\n<p>Die vorliegenden Bedingungen unterliegen der geltenden spanischen Gesetzgebung.<\/p>\n\n<p>Die verwendete Sprache wird Spanisch sein.<\/p>\n","protected":false},"excerpt":{"rendered":"<p>Dieser rechtliche Hinweis regelt die Nutzung und den Gebrauch der Website www.padelgalis.com, die Eigentum von GRUPO GALIS WORLD, S.L. (im Folgenden: EIGENT\u00dcMER DER WEBSITE) ist. Das Surfen auf der Website des WEBSITE-BESITZERS setzt voraus, dass der BENUTZER derselben die in diesem rechtlichen Hinweis ver\u00f6ffentlichten Bedingungen vollst\u00e4ndig und vorbehaltlos akzeptiert, wobei darauf hingewiesen wird, dass diese [&hellip;]<\/p>\n","protected":false},"author":1,"featured_media":0,"parent":0,"menu_order":0,"comment_status":"closed","ping_status":"closed","template":"","meta":{"_acf_changed":false,"_seopress_robots_primary_cat":"","_seopress_titles_title":"","_seopress_titles_desc":"","_seopress_robots_index":"","footnotes":""},"class_list":["post-10588","page","type-page","status-publish","hentry"],"acf":[],"_links":{"self":[{"href":"https:\/\/padelgalis.com\/de\/wp-json\/wp\/v2\/pages\/10588","targetHints":{"allow":["GET"]}}],"collection":[{"href":"https:\/\/padelgalis.com\/de\/wp-json\/wp\/v2\/pages"}],"about":[{"href":"https:\/\/padelgalis.com\/de\/wp-json\/wp\/v2\/types\/page"}],"author":[{"embeddable":true,"href":"https:\/\/padelgalis.com\/de\/wp-json\/wp\/v2\/users\/1"}],"replies":[{"embeddable":true,"href":"https:\/\/padelgalis.com\/de\/wp-json\/wp\/v2\/comments?post=10588"}],"version-history":[{"count":6,"href":"https:\/\/padelgalis.com\/de\/wp-json\/wp\/v2\/pages\/10588\/revisions"}],"predecessor-version":[{"id":28778,"href":"https:\/\/padelgalis.com\/de\/wp-json\/wp\/v2\/pages\/10588\/revisions\/28778"}],"wp:attachment":[{"href":"https:\/\/padelgalis.com\/de\/wp-json\/wp\/v2\/media?parent=10588"}],"curies":[{"name":"wp","href":"https:\/\/api.w.org\/{rel}","templated":true}]}}