{"id":10593,"date":"2024-05-18T19:46:45","date_gmt":"2024-05-18T17:46:45","guid":{"rendered":"https:\/\/padelgalis.com\/verteiler\/"},"modified":"2025-08-06T10:09:45","modified_gmt":"2025-08-06T08:09:45","slug":"vertriebspartner","status":"publish","type":"page","link":"https:\/\/padelgalis.com\/de\/vertriebspartner\/","title":{"rendered":"Vertriebspartner"},"content":{"rendered":"","protected":false},"excerpt":{"rendered":"","protected":false},"author":1,"featured_media":0,"parent":0,"menu_order":0,"comment_status":"closed","ping_status":"closed","template":"","meta":{"_acf_changed":false,"_seopress_robots_primary_cat":"","_seopress_titles_title":"Finden Sie Ihren n\u00e4chstgelegenen Padel-H\u00e4ndler - Padel Galis","_seopress_titles_desc":"Finden Sie den n\u00e4chstgelegenen Padel Galis-H\u00e4ndler oder das n\u00e4chstgelegene Verkaufsb\u00fcro mit unserer interaktiven Karte.\r\nWir bieten Kontaktstellen auf der ganzen Welt, um Ihnen den besten Service und Support im Padelplatzbau zu bieten.\r\nFinden Sie noch heute Ihren H\u00e4ndler und kontaktieren Sie uns f\u00fcr weitere Informationen!","_seopress_robots_index":"","footnotes":""},"class_list":["post-10593","page","type-page","status-publish","hentry"],"acf":[],"_links":{"self":[{"href":"https:\/\/padelgalis.com\/de\/wp-json\/wp\/v2\/pages\/10593","targetHints":{"allow":["GET"]}}],"collection":[{"href":"https:\/\/padelgalis.com\/de\/wp-json\/wp\/v2\/pages"}],"about":[{"href":"https:\/\/padelgalis.com\/de\/wp-json\/wp\/v2\/types\/page"}],"author":[{"embeddable":true,"href":"https:\/\/padelgalis.com\/de\/wp-json\/wp\/v2\/users\/1"}],"replies":[{"embeddable":true,"href":"https:\/\/padelgalis.com\/de\/wp-json\/wp\/v2\/comments?post=10593"}],"version-history":[{"count":1,"href":"https:\/\/padelgalis.com\/de\/wp-json\/wp\/v2\/pages\/10593\/revisions"}],"predecessor-version":[{"id":29272,"href":"https:\/\/padelgalis.com\/de\/wp-json\/wp\/v2\/pages\/10593\/revisions\/29272"}],"wp:attachment":[{"href":"https:\/\/padelgalis.com\/de\/wp-json\/wp\/v2\/media?parent=10593"}],"curies":[{"name":"wp","href":"https:\/\/api.w.org\/{rel}","templated":true}]}}