{"id":10602,"date":"2024-03-18T13:05:37","date_gmt":"2024-03-18T12:05:37","guid":{"rendered":"https:\/\/padelgalis.com\/uber-uns\/"},"modified":"2026-04-23T04:45:02","modified_gmt":"2026-04-23T02:45:02","slug":"uber-uns","status":"publish","type":"page","link":"https:\/\/padelgalis.com\/de\/uber-uns\/","title":{"rendered":"\u00dcber uns"},"content":{"rendered":"\n<p>K.A.<\/p>\n","protected":false},"excerpt":{"rendered":"<p>K.A.<\/p>\n","protected":false},"author":1,"featured_media":0,"parent":0,"menu_order":0,"comment_status":"closed","ping_status":"closed","template":"","meta":{"_acf_changed":false,"_seopress_robots_primary_cat":"","_seopress_titles_title":"\u00dcber uns - Padel Galis","_seopress_titles_desc":"Padel Galis, Marktf\u00fchrer f\u00fcr den Bau und die Installation von Padelpl\u00e4tzen, mit 18 Jahren Erfahrung und 10.000 Installationen in 85 L\u00e4ndern. Qualit\u00e4t und Innovation aus Valencia.","_seopress_robots_index":"","footnotes":""},"class_list":["post-10602","page","type-page","status-publish","hentry"],"acf":[],"_links":{"self":[{"href":"https:\/\/padelgalis.com\/de\/wp-json\/wp\/v2\/pages\/10602","targetHints":{"allow":["GET"]}}],"collection":[{"href":"https:\/\/padelgalis.com\/de\/wp-json\/wp\/v2\/pages"}],"about":[{"href":"https:\/\/padelgalis.com\/de\/wp-json\/wp\/v2\/types\/page"}],"author":[{"embeddable":true,"href":"https:\/\/padelgalis.com\/de\/wp-json\/wp\/v2\/users\/1"}],"replies":[{"embeddable":true,"href":"https:\/\/padelgalis.com\/de\/wp-json\/wp\/v2\/comments?post=10602"}],"version-history":[{"count":11,"href":"https:\/\/padelgalis.com\/de\/wp-json\/wp\/v2\/pages\/10602\/revisions"}],"predecessor-version":[{"id":41133,"href":"https:\/\/padelgalis.com\/de\/wp-json\/wp\/v2\/pages\/10602\/revisions\/41133"}],"wp:attachment":[{"href":"https:\/\/padelgalis.com\/de\/wp-json\/wp\/v2\/media?parent=10602"}],"curies":[{"name":"wp","href":"https:\/\/api.w.org\/{rel}","templated":true}]}}