{"id":10604,"date":"2024-03-18T11:56:34","date_gmt":"2024-03-18T10:56:34","guid":{"rendered":"https:\/\/padelgalis.com\/zuhause\/"},"modified":"2026-03-06T13:56:43","modified_gmt":"2026-03-06T12:56:43","slug":"zuhause","status":"publish","type":"page","link":"https:\/\/padelgalis.com\/de\/","title":{"rendered":"Startseite"},"content":{"rendered":"\n<p>.<\/p>\n\n<p><\/p>\n","protected":false},"excerpt":{"rendered":"<p>.<\/p>\n","protected":false},"author":1,"featured_media":0,"parent":0,"menu_order":0,"comment_status":"closed","ping_status":"closed","template":"","meta":{"_acf_changed":false,"_seopress_robots_primary_cat":"","_seopress_titles_title":"Empresa l\u00edder en construcci\u00f3n de pistas de p\u00e1del.","_seopress_titles_desc":"Padel Galis es la empresa N.1 en construcci\u00f3n e instalaci\u00f3n de pistas de p\u00e1del, con presencia en m\u00e1s de 70 pa\u00edses y con m\u00e1s de 10.000 pistas construidas. Tecnolog\u00eda avanzada y materiales de alta calidad para una experiencia de juego profesional. \u00a1Cont\u00e1ctanos para m\u00e1s informaci\u00f3n!","_seopress_robots_index":"","footnotes":""},"class_list":["post-10604","page","type-page","status-publish","hentry"],"acf":[],"_links":{"self":[{"href":"https:\/\/padelgalis.com\/de\/wp-json\/wp\/v2\/pages\/10604","targetHints":{"allow":["GET"]}}],"collection":[{"href":"https:\/\/padelgalis.com\/de\/wp-json\/wp\/v2\/pages"}],"about":[{"href":"https:\/\/padelgalis.com\/de\/wp-json\/wp\/v2\/types\/page"}],"author":[{"embeddable":true,"href":"https:\/\/padelgalis.com\/de\/wp-json\/wp\/v2\/users\/1"}],"replies":[{"embeddable":true,"href":"https:\/\/padelgalis.com\/de\/wp-json\/wp\/v2\/comments?post=10604"}],"version-history":[{"count":13,"href":"https:\/\/padelgalis.com\/de\/wp-json\/wp\/v2\/pages\/10604\/revisions"}],"predecessor-version":[{"id":36987,"href":"https:\/\/padelgalis.com\/de\/wp-json\/wp\/v2\/pages\/10604\/revisions\/36987"}],"wp:attachment":[{"href":"https:\/\/padelgalis.com\/de\/wp-json\/wp\/v2\/media?parent=10604"}],"curies":[{"name":"wp","href":"https:\/\/api.w.org\/{rel}","templated":true}]}}