{"id":10491,"date":"2024-05-19T23:11:05","date_gmt":"2024-05-19T21:11:05","guid":{"rendered":"https:\/\/padelgalis.com\/merci-de-votre-attention\/"},"modified":"2026-03-12T12:52:38","modified_gmt":"2026-03-12T11:52:38","slug":"merci-de-votre-attention","status":"publish","type":"page","link":"https:\/\/padelgalis.com\/fr\/merci-de-votre-attention\/","title":{"rendered":"Merci de votre attention."},"content":{"rendered":"","protected":false},"excerpt":{"rendered":"","protected":false},"author":1,"featured_media":0,"parent":0,"menu_order":0,"comment_status":"closed","ping_status":"closed","template":"","meta":{"_acf_changed":false,"_seopress_robots_primary_cat":"","_seopress_titles_title":"Merci de nous avoir contact\u00e9s - Padel Galis","_seopress_titles_desc":"Merci d'avoir contact\u00e9 Padel Galis. Nous avons bien re\u00e7u votre message et nous vous r\u00e9pondrons dans les plus brefs d\u00e9lais. En attendant, nous vous invitons \u00e0 d\u00e9couvrir nos projets et les derni\u00e8res nouveaut\u00e9s dans le monde du padel, visitez-nous pour en savoir plus !   ","_seopress_robots_index":"","footnotes":""},"class_list":["post-10491","page","type-page","status-publish","hentry"],"acf":[],"_links":{"self":[{"href":"https:\/\/padelgalis.com\/fr\/wp-json\/wp\/v2\/pages\/10491","targetHints":{"allow":["GET"]}}],"collection":[{"href":"https:\/\/padelgalis.com\/fr\/wp-json\/wp\/v2\/pages"}],"about":[{"href":"https:\/\/padelgalis.com\/fr\/wp-json\/wp\/v2\/types\/page"}],"author":[{"embeddable":true,"href":"https:\/\/padelgalis.com\/fr\/wp-json\/wp\/v2\/users\/1"}],"replies":[{"embeddable":true,"href":"https:\/\/padelgalis.com\/fr\/wp-json\/wp\/v2\/comments?post=10491"}],"version-history":[{"count":5,"href":"https:\/\/padelgalis.com\/fr\/wp-json\/wp\/v2\/pages\/10491\/revisions"}],"predecessor-version":[{"id":37520,"href":"https:\/\/padelgalis.com\/fr\/wp-json\/wp\/v2\/pages\/10491\/revisions\/37520"}],"wp:attachment":[{"href":"https:\/\/padelgalis.com\/fr\/wp-json\/wp\/v2\/media?parent=10491"}],"curies":[{"name":"wp","href":"https:\/\/api.w.org\/{rel}","templated":true}]}}