{"id":10492,"date":"2024-05-13T22:58:30","date_gmt":"2024-05-13T20:58:30","guid":{"rendered":"https:\/\/padelgalis.com\/avis-juridique\/"},"modified":"2025-07-28T08:55:34","modified_gmt":"2025-07-28T06:55:34","slug":"avis-juridique","status":"publish","type":"page","link":"https:\/\/padelgalis.com\/fr\/avis-juridique\/","title":{"rendered":"Avis juridique"},"content":{"rendered":"\n<ol class=\"wp-block-list\">\n<li>OBJET<\/li>\n<\/ol>\n\n<p>Le pr\u00e9sent avis juridique r\u00e9git l&#8217;utilisation du site Web <a href=\"https:\/\/www.padelgalis.com\/\">www.padelgalis.com,<\/a> propri\u00e9t\u00e9 de GRUPO GALIS WORLD, S.L. (ci-apr\u00e8s, le PROPRI\u00c9TAIRE DU SITE WEB).<\/p>\n\n<p>La navigation sur le site web du PROPRI\u00c9TAIRE DU SITE WEB conf\u00e8re la condition d&#8217;UTILISATEUR de ce dernier et implique l&#8217;acceptation totale et sans r\u00e9serve de toutes et chacune des conditions publi\u00e9es dans le pr\u00e9sent avis l\u00e9gal, en avertissant que ces conditions peuvent \u00eatre modifi\u00e9es sans notification pr\u00e9alable par le PROPRI\u00c9TAIRE DU SITE WEB, auquel cas elles seront publi\u00e9es et notifi\u00e9es le plus longtemps possible \u00e0 l&#8217;avance.<\/p>\n\n<p>Il est donc conseill\u00e9 de lire attentivement son contenu si vous souhaitez acc\u00e9der et utiliser les informations et les services offerts sur ce site.<\/p>\n\n<p>L&#8217;utilisateur s&#8217;engage \u00e9galement \u00e0 faire un usage correct du site web conform\u00e9ment \u00e0 la loi, \u00e0 la bonne foi, \u00e0 l&#8217;ordre public, aux usages de la circulation et aux pr\u00e9sentes mentions l\u00e9gales, et sera responsable envers le PROPRI\u00c9TAIRE DU SITE WEB ou envers des tiers de tout dommage pouvant r\u00e9sulter du non-respect de cette obligation.<\/p>\n\n<p>Toute utilisation autre que celle autoris\u00e9e est express\u00e9ment interdite et le PROPRI\u00c9TAIRE DU SITE WEB peut refuser ou retirer l&#8217;acc\u00e8s et l&#8217;utilisation \u00e0 tout moment.<\/p>\n\n<ol start=\"2\" class=\"wp-block-list\">\n<li>IDENTIFICATION<\/li>\n<\/ol>\n\n<p>LE PROPRI\u00c9TAIRE DU SITE WEB, conform\u00e9ment \u00e0 la loi 34\/2002, du 11 juillet, sur les services de la soci\u00e9t\u00e9 de l&#8217;information et le commerce \u00e9lectronique, vous informe que :<\/p>\n\n<ul class=\"wp-block-list\">\n<li>Sa raison sociale est : GRUPO GALIS WORLD, S.L.<\/li>\n\n\n\n<li>Son num\u00e9ro de TVA est : B98688419<\/li>\n\n\n\n<li>Son si\u00e8ge social est situ\u00e9 \u00e0 l&#8217;adresse suivante CL PUIGCAMPANA, 5 Y 7 POL\u00cdGONO GODOFREDO &#8211; 46460 &#8211; SILLA &#8211; VALENCIA<\/li>\n\n\n\n<li>Inscrit au registre du commerce de Valence ; volume 9879 ; livre 7161 ; folio 206 ; section 8 ; page V-162437.<\/li>\n<\/ul>\n\n<ol start=\"3\" class=\"wp-block-list\">\n<li>COMMUNICATIONS<\/li>\n<\/ol>\n\n<p>Pour nous contacter, nous mettons \u00e0 votre disposition diff\u00e9rents moyens de contact qui sont d\u00e9taill\u00e9s ci-dessous :<\/p>\n\n<ul class=\"wp-block-list\">\n<li>: <a href=\"tel:963767781\">963767781<\/a>\/<a href=\"tel:653331339\">653331339<\/a><\/li>\n\n\n\n<li>Email: <a href=\"mailto:rgpd@grupogalis.com\">rgpd@grupogalis.com<\/a><\/li>\n<\/ul>\n\n<p>Toutes les notifications et communications entre les utilisateurs et le PROPRI\u00c9TAIRE DU SITE WEB sont consid\u00e9r\u00e9es comme effectives, \u00e0 toutes fins utiles, lorsqu&#8217;elles sont effectu\u00e9es par l&#8217;un des moyens \u00e9num\u00e9r\u00e9s ci-dessus.<\/p>\n\n<ol start=\"4\" class=\"wp-block-list\">\n<li>CONDITIONS D&#8217;ACC\u00c8S ET D&#8217;UTILISATION<\/li>\n<\/ol>\n\n<p>Le site web et ses services sont librement accessibles et gratuits. Toutefois, le PROPRI\u00c9TAIRE DU SITE INTERNET peut conditionner l&#8217;utilisation de certains des services propos\u00e9s sur son site \u00e0 la r\u00e9alisation pr\u00e9alable du formulaire correspondant. <\/p>\n\n<p>L&#8217;utilisateur garantit l&#8217;authenticit\u00e9 et l&#8217;actualit\u00e9 de toutes les donn\u00e9es fournies au PROPRI\u00c9TAIRE DU SITE WEB et sera seul responsable de toute d\u00e9claration fausse ou inexacte.<\/p>\n\n<p>L&#8217;utilisateur s&#8217;engage express\u00e9ment \u00e0 faire un usage appropri\u00e9 des contenus et services du PROPRI\u00c9TAIRE DU SITE WEB et \u00e0 ne pas les utiliser, entre autres, \u00e0 des fins :<\/p>\n\n<ol class=\"wp-block-list\">\n<li>Diffuser des contenus criminels, violents, pornographiques, racistes, x\u00e9nophobes, injurieux, terroristes ou, en g\u00e9n\u00e9ral, contraires \u00e0 la loi ou \u00e0 l&#8217;ordre public.<\/li>\n\n\n\n<li>Introduire dans le r\u00e9seau des virus informatiques ou effectuer des actions susceptibles d&#8217;alt\u00e9rer, d&#8217;endommager, d&#8217;interrompre ou de g\u00e9n\u00e9rer des erreurs ou des dommages aux documents \u00e9lectroniques, aux donn\u00e9es ou aux syst\u00e8mes physiques et logiques du PROPRI\u00c9TAIRE DU SITE WEB ou de tiers ; ainsi qu&#8217;entraver l&#8217;acc\u00e8s d&#8217;autres utilisateurs au site web et \u00e0 ses services par la consommation massive des ressources informatiques gr\u00e2ce auxquelles le PROPRI\u00c9TAIRE DU SITE WEB fournit ses services.<\/li>\n\n\n\n<li>Tenter d&#8217;acc\u00e9der aux comptes de courrier \u00e9lectronique d&#8217;autres utilisateurs ou \u00e0 des zones restreintes des syst\u00e8mes informatiques du PROPRI\u00c9TAIRE DU SITE WEB ou de tiers et, le cas \u00e9ch\u00e9ant, d&#8217;en extraire des informations.<\/li>\n\n\n\n<li>enfreindre les droits de propri\u00e9t\u00e9 intellectuelle ou industrielle, ainsi que la confidentialit\u00e9 des informations du PROPRI\u00c9TAIRE DU SITE WEB ou de tiers.<\/li>\n\n\n\n<li>Usurper l&#8217;identit\u00e9 d&#8217;un autre utilisateur.<\/li>\n\n\n\n<li>Reproduire, copier, distribuer, mettre \u00e0 disposition ou toute autre forme de communication publique, transformer ou modifier les contenus, sauf autorisation du titulaire des droits correspondants ou autorisation l\u00e9gale.<\/li>\n\n\n\n<li>collecter des donn\u00e9es \u00e0 des fins publicitaires et envoyer de la publicit\u00e9 de toute nature et des communications \u00e0 des fins de vente ou \u00e0 d&#8217;autres fins commerciales sans demande ou consentement pr\u00e9alable.<\/li>\n<\/ol>\n\n<p>Tous les contenus du site, tels que les textes, les photographies, les graphiques, les images, les ic\u00f4nes, la technologie, les logiciels, ainsi que sa conception graphique et ses codes sources, constituent une \u0153uvre dont la propri\u00e9t\u00e9 appartient au PROPRI\u00c9TAIRE DU SITE WEB, et aucun des droits d&#8217;exploitation de celle-ci ne peut \u00eatre consid\u00e9r\u00e9 comme transf\u00e9r\u00e9 \u00e0 l&#8217;utilisateur au-del\u00e0 de ce qui est strictement n\u00e9cessaire \u00e0 l&#8217;utilisation correcte du site.<\/p>\n\n<p>En r\u00e9sum\u00e9, les utilisateurs qui acc\u00e8dent \u00e0 ce site web peuvent visualiser les contenus et r\u00e9aliser, le cas \u00e9ch\u00e9ant, des copies priv\u00e9es autoris\u00e9es, \u00e0 condition que les \u00e9l\u00e9ments reproduits ne soient pas c\u00e9d\u00e9s ult\u00e9rieurement \u00e0 des tiers, ni install\u00e9s sur des serveurs connect\u00e9s \u00e0 des r\u00e9seaux, ni soumis \u00e0 un quelconque type d&#8217;exploitation.<\/p>\n\n<p>De m\u00eame, toutes les marques, noms commerciaux ou logos de toute nature qui apparaissent sur le site web sont la propri\u00e9t\u00e9 du PROPRI\u00c9TAIRE DU SITE WEB, et il ne peut \u00eatre interpr\u00e9t\u00e9 que l&#8217;utilisation ou l&#8217;acc\u00e8s \u00e0 ceux-ci conf\u00e8re \u00e0 l&#8217;utilisateur un quelconque droit sur ceux-ci.<\/p>\n\n<p>La distribution, la modification, le transfert ou la communication publique des contenus et tout autre acte qui n&#8217;a pas \u00e9t\u00e9 express\u00e9ment autoris\u00e9 par le titulaire des droits d&#8217;exploitation sont interdits.<\/p>\n\n<p>L&#8217;\u00e9tablissement d&#8217;un lien hypertexte n&#8217;implique en aucun cas l&#8217;existence d&#8217;une relation entre le PROPRI\u00c9TAIRE DU SITE WEB et le propri\u00e9taire du site web sur lequel il est \u00e9tabli, ni l&#8217;acceptation et l&#8217;approbation par le PROPRI\u00c9TAIRE DU SITE WEB de son contenu ou de ses services.<\/p>\n\n<p>Le PROPRI\u00c9TAIRE DU SITE INTERNET n&#8217;est pas responsable de l&#8217;utilisation que chaque utilisateur fait du mat\u00e9riel mis \u00e0 disposition sur ce site ni des actions men\u00e9es sur la base de ce mat\u00e9riel.<\/p>\n\n<ul class=\"wp-block-list\">\n<li>EXCLUSION DES GARANTIES ET DE LA RESPONSABILIT\u00c9 POUR L&#8217;ACC\u00c8S ET L&#8217;UTILISATION<\/li>\n<\/ul>\n\n<p>L&#8217;acc\u00e8s \u00e0 l&#8217;ensemble du contenu n&#8217;est pas enti\u00e8rement garanti, pas plus que son exhaustivit\u00e9, son exactitude, sa validit\u00e9 ou son actualit\u00e9, ou encore son ad\u00e9quation ou son utilit\u00e9 dans un but sp\u00e9cifique.<\/p>\n\n<p>Le PROPRI\u00c9TAIRE DU SITE WEB exclut, dans la mesure permise par la loi, toute responsabilit\u00e9 pour des dommages de quelque nature que ce soit r\u00e9sultant de :<\/p>\n\n<ol class=\"wp-block-list\">\n<li>L&#8217;impossibilit\u00e9 d&#8217;acc\u00e9der au site web ou le manque de v\u00e9racit\u00e9, d&#8217;exactitude, d&#8217;exhaustivit\u00e9 et\/ou d&#8217;actualit\u00e9 du contenu, ainsi que l&#8217;existence de vices et de d\u00e9fauts de toute nature dans le contenu transmis, diffus\u00e9, stock\u00e9, mis \u00e0 disposition, accessible par le biais du site web ou des services offerts.<\/li>\n\n\n\n<li>La pr\u00e9sence de virus ou d&#8217;autres \u00e9l\u00e9ments dans le contenu qui peuvent causer des alt\u00e9rations dans les syst\u00e8mes informatiques, les documents \u00e9lectroniques ou les donn\u00e9es des utilisateurs.<\/li>\n\n\n\n<li>Le non-respect de la loi, de la bonne foi, de l&#8217;ordre public, des usages de la circulation et du pr\u00e9sent avis juridique en raison d&#8217;une utilisation inappropri\u00e9e du site web. En particulier, et \u00e0 titre d&#8217;exemple, le PROPRI\u00c9TAIRE DU SITE INTERNET n&#8217;est pas responsable des actions de tiers qui violent les droits de propri\u00e9t\u00e9 intellectuelle et industrielle, les secrets d&#8217;affaires, les droits \u00e0 l&#8217;honneur, \u00e0 l&#8217;intimit\u00e9 personnelle et familiale et \u00e0 l&#8217;image de soi, ainsi que les r\u00e8gles relatives \u00e0 la concurrence d\u00e9loyale et \u00e0 la publicit\u00e9 ill\u00e9gale. <\/li>\n<\/ol>\n\n<p>De m\u00eame, le PROPRI\u00c9TAIRE DU SITE INTERNET d\u00e9cline toute responsabilit\u00e9 pour les informations qui se trouvent en dehors de ce site et qui ne sont pas g\u00e9r\u00e9es directement par notre webmestre. La fonction des liens qui apparaissent sur ce site est exclusivement d&#8217;informer l&#8217;utilisateur de l&#8217;existence d&#8217;autres sources susceptibles d&#8217;\u00e9largir le contenu offert sur ce site. Le PROPRI\u00c9TAIRE DU SITE WEB ne garantit pas et n&#8217;est pas responsable du fonctionnement ou de l&#8217;accessibilit\u00e9 des sites li\u00e9s ; il ne sugg\u00e8re pas, n&#8217;invite pas ou ne recommande pas la visite de ces sites et n&#8217;est pas responsable des r\u00e9sultats obtenus. Le PROPRI\u00c9TAIRE DU SITE WEB n&#8217;est pas responsable de l&#8217;\u00e9tablissement d&#8217;hyperliens par des tiers.   <\/p>\n\n<ul class=\"wp-block-list\">\n<li>PROC\u00c9DURE EN CAS D&#8217;ACTIVIT\u00c9S ILL\u00c9GALES<\/li>\n<\/ul>\n\n<p>Si un utilisateur ou un tiers consid\u00e8re qu&#8217;il existe des faits ou des circonstances qui r\u00e9v\u00e8lent le caract\u00e8re illicite de l&#8217;utilisation de tout contenu et\/ou de la r\u00e9alisation de toute activit\u00e9 sur les pages web incluses ou accessibles par le site web, il doit envoyer une notification au PROPRI\u00c9TAIRE DU SITE WEB en s&#8217;identifiant d\u00fbment et en sp\u00e9cifiant les infractions pr\u00e9sum\u00e9es.<\/p>\n\n<ul class=\"wp-block-list\">\n<li>PUBLICATIONS<\/li>\n<\/ul>\n\n<p>Les informations administratives fournies par le biais du site web ne remplacent pas la publication l\u00e9gale des lois, r\u00e8glements, plans, dispositions g\u00e9n\u00e9rales et actes qui doivent \u00eatre formellement publi\u00e9s dans les journaux officiels des administrations publiques, qui sont le seul instrument attestant de leur authenticit\u00e9 et de leur contenu. Les informations disponibles sur ce site doivent \u00eatre consid\u00e9r\u00e9es comme un guide sans aucune valeur juridique. <\/p>\n\n<ol start=\"5\" class=\"wp-block-list\">\n<li>DROIT APPLICABLE<\/li>\n<\/ol>\n\n<p>Les pr\u00e9sentes conditions sont r\u00e9gies par la l\u00e9gislation espagnole en vigueur.<\/p>\n\n<p>La langue utilis\u00e9e sera l&#8217;espagnol<\/p>\n","protected":false},"excerpt":{"rendered":"<p>Le pr\u00e9sent avis juridique r\u00e9git l&#8217;utilisation du site Web www.padelgalis.com, propri\u00e9t\u00e9 de GRUPO GALIS WORLD, S.L. (ci-apr\u00e8s, le PROPRI\u00c9TAIRE DU SITE WEB). La navigation sur le site web du PROPRI\u00c9TAIRE DU SITE WEB conf\u00e8re la condition d&#8217;UTILISATEUR de ce dernier et implique l&#8217;acceptation totale et sans r\u00e9serve de toutes et chacune des conditions publi\u00e9es dans [&hellip;]<\/p>\n","protected":false},"author":1,"featured_media":0,"parent":0,"menu_order":0,"comment_status":"closed","ping_status":"closed","template":"","meta":{"_acf_changed":false,"_seopress_robots_primary_cat":"","_seopress_titles_title":"","_seopress_titles_desc":"","_seopress_robots_index":"","footnotes":""},"class_list":["post-10492","page","type-page","status-publish","hentry"],"acf":[],"_links":{"self":[{"href":"https:\/\/padelgalis.com\/fr\/wp-json\/wp\/v2\/pages\/10492","targetHints":{"allow":["GET"]}}],"collection":[{"href":"https:\/\/padelgalis.com\/fr\/wp-json\/wp\/v2\/pages"}],"about":[{"href":"https:\/\/padelgalis.com\/fr\/wp-json\/wp\/v2\/types\/page"}],"author":[{"embeddable":true,"href":"https:\/\/padelgalis.com\/fr\/wp-json\/wp\/v2\/users\/1"}],"replies":[{"embeddable":true,"href":"https:\/\/padelgalis.com\/fr\/wp-json\/wp\/v2\/comments?post=10492"}],"version-history":[{"count":4,"href":"https:\/\/padelgalis.com\/fr\/wp-json\/wp\/v2\/pages\/10492\/revisions"}],"predecessor-version":[{"id":28776,"href":"https:\/\/padelgalis.com\/fr\/wp-json\/wp\/v2\/pages\/10492\/revisions\/28776"}],"wp:attachment":[{"href":"https:\/\/padelgalis.com\/fr\/wp-json\/wp\/v2\/media?parent=10492"}],"curies":[{"name":"wp","href":"https:\/\/api.w.org\/{rel}","templated":true}]}}