{"id":10583,"date":"2024-05-18T16:16:25","date_gmt":"2024-05-18T14:16:25","guid":{"rendered":"https:\/\/padelgalis.com\/projets\/"},"modified":"2024-05-18T16:16:25","modified_gmt":"2024-05-18T14:16:25","slug":"projets","status":"publish","type":"page","link":"https:\/\/padelgalis.com\/fr\/projets\/","title":{"rendered":"Projets"},"content":{"rendered":"","protected":false},"excerpt":{"rendered":"","protected":false},"author":1,"featured_media":0,"parent":0,"menu_order":0,"comment_status":"closed","ping_status":"closed","template":"","meta":{"_acf_changed":false,"_seopress_robots_primary_cat":"","_seopress_titles_title":"Projets Padel Court - Padel Galis","_seopress_titles_desc":"D\u00e9couvrez les projets de courts de padel de Padel Galis dans le monde entier.\nDu Mexique \u00e0 la Su\u00e8de, nous proposons des solutions personnalis\u00e9es de haute qualit\u00e9 pour chaque client.\nLaissez-vous inspirer par nos projets et contactez-nous pour plus d'informations.  ","_seopress_robots_index":"","footnotes":""},"class_list":["post-10583","page","type-page","status-publish","hentry"],"acf":[],"_links":{"self":[{"href":"https:\/\/padelgalis.com\/fr\/wp-json\/wp\/v2\/pages\/10583","targetHints":{"allow":["GET"]}}],"collection":[{"href":"https:\/\/padelgalis.com\/fr\/wp-json\/wp\/v2\/pages"}],"about":[{"href":"https:\/\/padelgalis.com\/fr\/wp-json\/wp\/v2\/types\/page"}],"author":[{"embeddable":true,"href":"https:\/\/padelgalis.com\/fr\/wp-json\/wp\/v2\/users\/1"}],"replies":[{"embeddable":true,"href":"https:\/\/padelgalis.com\/fr\/wp-json\/wp\/v2\/comments?post=10583"}],"version-history":[{"count":0,"href":"https:\/\/padelgalis.com\/fr\/wp-json\/wp\/v2\/pages\/10583\/revisions"}],"wp:attachment":[{"href":"https:\/\/padelgalis.com\/fr\/wp-json\/wp\/v2\/media?parent=10583"}],"curies":[{"name":"wp","href":"https:\/\/api.w.org\/{rel}","templated":true}]}}