{"id":10584,"date":"2024-05-13T22:41:48","date_gmt":"2024-05-13T20:41:48","guid":{"rendered":"https:\/\/padelgalis.com\/nouvelles\/"},"modified":"2024-05-13T22:41:48","modified_gmt":"2024-05-13T20:41:48","slug":"nouvelles","status":"publish","type":"page","link":"https:\/\/padelgalis.com\/fr\/nouvelles\/","title":{"rendered":"Actualit\u00e9s"},"content":{"rendered":"","protected":false},"excerpt":{"rendered":"","protected":false},"author":1,"featured_media":0,"parent":0,"menu_order":0,"comment_status":"closed","ping_status":"closed","template":"","meta":{"_acf_changed":false,"_seopress_robots_primary_cat":"","_seopress_titles_title":"Derni\u00e8res nouvelles de Padel Galis - Nouvelles et mises \u00e0 jour","_seopress_titles_desc":"Tenez-vous au courant des derni\u00e8res nouvelles et mises \u00e0 jour de Padel Galis.\nD\u00e9couvrez nos collaborations, nos nouveaux projets et les \u00e9v\u00e9nements marquants dans le monde du padel.\nExplorez nos derni\u00e8res nouvelles et apprenez-en plus sur nos r\u00e9alisations et nos alliances strat\u00e9giques !  ","_seopress_robots_index":"","footnotes":""},"class_list":["post-10584","page","type-page","status-publish","hentry"],"acf":[],"_links":{"self":[{"href":"https:\/\/padelgalis.com\/fr\/wp-json\/wp\/v2\/pages\/10584","targetHints":{"allow":["GET"]}}],"collection":[{"href":"https:\/\/padelgalis.com\/fr\/wp-json\/wp\/v2\/pages"}],"about":[{"href":"https:\/\/padelgalis.com\/fr\/wp-json\/wp\/v2\/types\/page"}],"author":[{"embeddable":true,"href":"https:\/\/padelgalis.com\/fr\/wp-json\/wp\/v2\/users\/1"}],"replies":[{"embeddable":true,"href":"https:\/\/padelgalis.com\/fr\/wp-json\/wp\/v2\/comments?post=10584"}],"version-history":[{"count":0,"href":"https:\/\/padelgalis.com\/fr\/wp-json\/wp\/v2\/pages\/10584\/revisions"}],"wp:attachment":[{"href":"https:\/\/padelgalis.com\/fr\/wp-json\/wp\/v2\/media?parent=10584"}],"curies":[{"name":"wp","href":"https:\/\/api.w.org\/{rel}","templated":true}]}}