{"id":10598,"date":"2024-03-18T11:57:19","date_gmt":"2024-03-18T10:57:19","guid":{"rendered":"https:\/\/padelgalis.com\/contact\/"},"modified":"2024-12-13T09:57:54","modified_gmt":"2024-12-13T08:57:54","slug":"contact","status":"publish","type":"page","link":"https:\/\/padelgalis.com\/fr\/contact\/","title":{"rendered":"Contact"},"content":{"rendered":"\n<p>s\/o<\/p>\n","protected":false},"excerpt":{"rendered":"<p>s\/o<\/p>\n","protected":false},"author":1,"featured_media":0,"parent":0,"menu_order":0,"comment_status":"closed","ping_status":"closed","template":"","meta":{"_acf_changed":false,"_seopress_robots_primary_cat":"","_seopress_titles_title":"Contactez-nous - Padel Galis","_seopress_titles_desc":"Nous sommes \u00e0 votre \u00e9coute !\nChez Padel Galis, votre avis et vos questions nous int\u00e9ressent.\nRemplissez notre formulaire de contact et l'un de nos experts vous r\u00e9pondra dans les plus brefs d\u00e9lais.\nSitu\u00e9s \u00e0 Valence, en Espagne, nous offrons une attention personnalis\u00e9e pour tous vos projets de terrains de padel.\nContactez nous d\u00e8s aujourd'hui !    ","_seopress_robots_index":"","footnotes":""},"class_list":["post-10598","page","type-page","status-publish","hentry"],"acf":[],"_links":{"self":[{"href":"https:\/\/padelgalis.com\/fr\/wp-json\/wp\/v2\/pages\/10598","targetHints":{"allow":["GET"]}}],"collection":[{"href":"https:\/\/padelgalis.com\/fr\/wp-json\/wp\/v2\/pages"}],"about":[{"href":"https:\/\/padelgalis.com\/fr\/wp-json\/wp\/v2\/types\/page"}],"author":[{"embeddable":true,"href":"https:\/\/padelgalis.com\/fr\/wp-json\/wp\/v2\/users\/1"}],"replies":[{"embeddable":true,"href":"https:\/\/padelgalis.com\/fr\/wp-json\/wp\/v2\/comments?post=10598"}],"version-history":[{"count":2,"href":"https:\/\/padelgalis.com\/fr\/wp-json\/wp\/v2\/pages\/10598\/revisions"}],"predecessor-version":[{"id":17123,"href":"https:\/\/padelgalis.com\/fr\/wp-json\/wp\/v2\/pages\/10598\/revisions\/17123"}],"wp:attachment":[{"href":"https:\/\/padelgalis.com\/fr\/wp-json\/wp\/v2\/media?parent=10598"}],"curies":[{"name":"wp","href":"https:\/\/api.w.org\/{rel}","templated":true}]}}