{"id":10605,"date":"2024-03-18T13:05:19","date_gmt":"2024-03-18T12:05:19","guid":{"rendered":"https:\/\/padelgalis.com\/politique-de-confidentialite\/"},"modified":"2025-07-28T08:54:26","modified_gmt":"2025-07-28T06:54:26","slug":"politique-de-confidentialite","status":"publish","type":"page","link":"https:\/\/padelgalis.com\/fr\/politique-de-confidentialite\/","title":{"rendered":"Politique de confidentialit\u00e9"},"content":{"rendered":"\n<p>Chez GRUPO GALIS WORLD, S.L., nous nous soucions de la confidentialit\u00e9 et de la transparence.<\/p>\n\n<p>Vous trouverez ci-dessous le d\u00e9tail des traitements de donn\u00e9es \u00e0 caract\u00e8re personnel que nous effectuons, ainsi que toutes les informations relatives \u00e0 ces traitements.<\/p>\n\n<p>Traitement des donn\u00e9es des candidats \u00e0 l&#8217;emploi<\/p>\n\n<figure class=\"wp-block-table\"><table><tbody><tr><td colspan=\"2\"><strong>Informations de base sur la protection des donn\u00e9es<\/strong><\/td><\/tr><tr><td><strong>Responsable :<\/strong><\/td><td>GRUPO GALIS WORLD, S.L.<\/td><\/tr><tr><td><strong>Objet :<\/strong><\/td><td>Mise en \u0153uvre des processus de s\u00e9lection du personnel<\/td><\/tr><tr><td><strong>L\u00e9gitimation :<\/strong><\/td><td>Consentement de la personne concern\u00e9e.<\/td><\/tr><tr><td><strong>Groupe cible :<\/strong><\/td><td>Aucune donn\u00e9e ne sera transmise \u00e0 des tiers, sauf en cas d&#8217;obligation l\u00e9gale.<\/td><\/tr><tr><td><strong>Les droits :<\/strong><\/td><td>Vous avez le droit d&#8217;acc\u00e9der, de rectifier et de supprimer vos donn\u00e9es, ainsi que d&#8217;autres droits, indiqu\u00e9s dans les informations suppl\u00e9mentaires, que vous pouvez exercer en vous adressant \u00e0 <a href=\"mailto:rgpd@grupogalis.com\">rgpd@grupogalis.com<\/a> ou CL PUIGCAMPANA, 5 ET 7 POLIGONE GODOFREDO 46460-SILLA (VALENCIA).<\/td><\/tr><tr><td><strong>Provenance :<\/strong><\/td><td>La personne concern\u00e9e.<\/td><\/tr><\/tbody><\/table><\/figure>\n\n<p>Informations compl\u00e8tes sur la protection des donn\u00e9es<\/p>\n\n<ol class=\"wp-block-list\">\n<li>Qui est responsable du traitement de vos donn\u00e9es ?<\/li>\n<\/ol>\n\n<p>GRUPO GALIS WORLD, S.L.<\/p>\n\n<p>B98688419.<\/p>\n\n<p>CL PUIGCAMPANA, 5 Y 7 POL\u00cdGONO GODOFREDO &#8211; 46460 &#8211; SILLA &#8211; VALENCIA.<\/p>\n\n<p><a href=\"tel:963767781\">963767781<\/a>\/<a href=\"tel:653331339\">653331339<\/a>.<\/p>\n\n<p><a href=\"mailto:rgpd@grupogalis.com\">rgpd@grupogalis.com<\/a>.<\/p>\n\n<ol start=\"2\" class=\"wp-block-list\">\n<li>\u00c0 quelles fins traitons-nous vos donn\u00e9es personnelles ?<\/li>\n<\/ol>\n\n<p>Le GRUPO GALIS WORLD, S.L. traite les informations fournies par les personnes int\u00e9ress\u00e9es afin de g\u00e9rer les Curriculum Vitae re\u00e7us et de mener \u00e0 bien les processus de s\u00e9lection du personnel.<\/p>\n\n<p>Aucune d\u00e9cision automatis\u00e9e ne sera prise sur la base des donn\u00e9es fournies.<\/p>\n\n<ol start=\"3\" class=\"wp-block-list\">\n<li>Combien de temps conserverons-nous vos donn\u00e9es ?<\/li>\n<\/ol>\n\n<p>Deux ans depuis la derni\u00e8re interaction<\/p>\n\n<ol start=\"4\" class=\"wp-block-list\">\n<li>Quelle est la l\u00e9gitimit\u00e9 du traitement de vos donn\u00e9es ?<\/li>\n<\/ol>\n\n<p>Nous indiquons la base juridique du traitement de vos donn\u00e9es :<\/p>\n\n<ul class=\"wp-block-list\">\n<li>Consentement de l&#8217;int\u00e9ress\u00e9 : pour g\u00e9rer les curriculum vitae re\u00e7us et mener \u00e0 bien les processus de s\u00e9lection du personnel.<\/li>\n<\/ul>\n\n<ol start=\"5\" class=\"wp-block-list\">\n<li>\u00c0 quels destinataires vos donn\u00e9es seront-elles communiqu\u00e9es ?<\/li>\n<\/ol>\n\n<p>Aucune donn\u00e9e ne sera transmise \u00e0 des tiers, sauf en cas d&#8217;obligation l\u00e9gale.<\/p>\n\n<ol start=\"6\" class=\"wp-block-list\">\n<li>Transferts de donn\u00e9es vers des pays tiers<\/li>\n<\/ol>\n\n<p>Il n&#8217;est pas pr\u00e9vu de transf\u00e9rer des donn\u00e9es \u00e0 des pays tiers.<\/p>\n\n<ol start=\"7\" class=\"wp-block-list\">\n<li>Quels sont vos droits lorsque vous nous fournissez vos donn\u00e9es ?<\/li>\n<\/ol>\n\n<p>Toute personne a le droit d&#8217;obtenir la confirmation que GRUPO GALIS WORLD, S.L. traite ou non des donn\u00e9es personnelles la concernant.<\/p>\n\n<p>Les personnes int\u00e9ress\u00e9es ont le droit d&#8217;acc\u00e9der \u00e0 leurs donn\u00e9es personnelles, ainsi que de demander la rectification des donn\u00e9es inexactes ou, le cas \u00e9ch\u00e9ant, de demander leur suppression lorsque, entre autres raisons, les donn\u00e9es ne sont plus n\u00e9cessaires aux fins pour lesquelles elles ont \u00e9t\u00e9 collect\u00e9es. Vous avez \u00e9galement le droit \u00e0 la portabilit\u00e9 de vos donn\u00e9es. <\/p>\n\n<p>Dans certaines circonstances, les personnes concern\u00e9es peuvent nous demander de limiter le traitement de leurs donn\u00e9es, auquel cas nous ne conserverons les donn\u00e9es que dans le but d&#8217;exercer ou de d\u00e9fendre des r\u00e9clamations.<\/p>\n\n<p>Dans certaines circonstances et pour des raisons li\u00e9es \u00e0 leur situation particuli\u00e8re, les personnes concern\u00e9es peuvent s&#8217;opposer au traitement de leurs donn\u00e9es. Dans ce cas, le GRUPO GALIS WORLD, S.L. cessera de traiter les donn\u00e9es, sauf pour des raisons l\u00e9gitimes imp\u00e9rieuses, ou pour l&#8217;exercice ou la d\u00e9fense d&#8217;\u00e9ventuelles r\u00e9clamations. <\/p>\n\n<p>Vous pouvez exercer vos droits mat\u00e9riellement de la mani\u00e8re suivante : en vous adressant \u00e0 <a href=\"mailto:rgpd@grupogalis.com\">rgpd@grupogalis.com<\/a> ou CL PUIGCAMPANA, 5 ET 7 POLIGONE GODOFREDO 46460-SILLA (VALENCIA).<\/p>\n\n<p>Lorsque des communications commerciales sont envoy\u00e9es en utilisant comme base juridique l&#8217;int\u00e9r\u00eat l\u00e9gitime du responsable du traitement, la personne concern\u00e9e peut s&#8217;opposer au traitement de ses donn\u00e9es \u00e0 cette fin.<\/p>\n\n<p>Si vous avez donn\u00e9 votre consentement pour une finalit\u00e9 sp\u00e9cifique, vous avez le droit de le retirer \u00e0 tout moment, sans que cela n&#8217;affecte la l\u00e9galit\u00e9 du traitement fond\u00e9 sur votre consentement avant son retrait.<\/p>\n\n<p>Si vous estimez que vos droits concernant la protection de vos donn\u00e9es personnelles ont \u00e9t\u00e9 viol\u00e9s, en particulier lorsque vous n&#8217;avez pas obtenu satisfaction dans l&#8217;exercice de vos droits, vous pouvez introduire une plainte aupr\u00e8s de l&#8217;autorit\u00e9 de contr\u00f4le de la protection des donn\u00e9es comp\u00e9tente via son site web : www.aepd.es.<\/p>\n\n<ol start=\"8\" class=\"wp-block-list\">\n<li>Comment avons-nous obtenu vos donn\u00e9es ?<\/li>\n<\/ol>\n\n<p>Les donn\u00e9es personnelles que nous traitons \u00e0 GRUPO GALIS WORLD, S.L. proviennent de : L&#8217;int\u00e9ress\u00e9.<\/p>\n\n<p>Les cat\u00e9gories de donn\u00e9es trait\u00e9es sont les suivantes :<\/p>\n\n<ul class=\"wp-block-list\">\n<li>Donn\u00e9es d&#8217;identification.<\/li>\n\n\n\n<li>Adresses postale et \u00e9lectronique.<\/li>\n<\/ul>\n\n<p>Traitement des donn\u00e9es des clients<\/p>\n\n<figure class=\"wp-block-table\"><table><tbody><tr><td colspan=\"2\"><strong>Informations de base sur la protection des donn\u00e9es<\/strong><\/td><\/tr><tr><td><strong>Responsable :<\/strong><\/td><td>GRUPO GALIS WORLD, S.L.<\/td><\/tr><tr><td><strong>Objet :<\/strong><\/td><td>Pour fournir les services demand\u00e9s et envoyer des communications commerciales.<\/td><\/tr><tr><td><strong>L\u00e9gitimation :<\/strong><\/td><td>Int\u00e9r\u00eat l\u00e9gitime du contr\u00f4leur des donn\u00e9es.<\/td><\/tr><tr><td><strong>Groupe cible :<\/strong><\/td><td>Il est pr\u00e9vu que les donn\u00e9es soient transf\u00e9r\u00e9es \u00e0 : l&#8217;administration fiscale ; les institutions financi\u00e8res.<\/td><\/tr><tr><td><strong>Les droits :<\/strong><\/td><td>Vous avez le droit d&#8217;acc\u00e9der, de rectifier et de supprimer vos donn\u00e9es, ainsi que d&#8217;autres droits, indiqu\u00e9s dans les informations suppl\u00e9mentaires, que vous pouvez exercer en vous adressant \u00e0 <a href=\"mailto:rgpd@grupogalis.com\">rgpd@grupogalis.com<\/a> ou CL PUIGCAMPANA, 5 ET 7 POLIGONE GODOFREDO 46460-SILLA (VALENCIA).<\/td><\/tr><tr><td><strong>Provenance :<\/strong><\/td><td>La personne concern\u00e9e.<\/td><\/tr><\/tbody><\/table><\/figure>\n\n<p><\/p>\n","protected":false},"excerpt":{"rendered":"<p>Chez GRUPO GALIS WORLD, S.L., nous nous soucions de la confidentialit\u00e9 et de la transparence. Vous trouverez ci-dessous le d\u00e9tail des traitements de donn\u00e9es \u00e0 caract\u00e8re personnel que nous effectuons, ainsi que toutes les informations relatives \u00e0 ces traitements. Traitement des donn\u00e9es des candidats \u00e0 l&#8217;emploi Informations de base sur la protection des donn\u00e9es Responsable [&hellip;]<\/p>\n","protected":false},"author":1,"featured_media":0,"parent":0,"menu_order":0,"comment_status":"closed","ping_status":"closed","template":"","meta":{"_acf_changed":false,"_seopress_robots_primary_cat":"","_seopress_titles_title":"","_seopress_titles_desc":"","_seopress_robots_index":"","footnotes":""},"class_list":["post-10605","page","type-page","status-publish","hentry"],"acf":[],"_links":{"self":[{"href":"https:\/\/padelgalis.com\/fr\/wp-json\/wp\/v2\/pages\/10605","targetHints":{"allow":["GET"]}}],"collection":[{"href":"https:\/\/padelgalis.com\/fr\/wp-json\/wp\/v2\/pages"}],"about":[{"href":"https:\/\/padelgalis.com\/fr\/wp-json\/wp\/v2\/types\/page"}],"author":[{"embeddable":true,"href":"https:\/\/padelgalis.com\/fr\/wp-json\/wp\/v2\/users\/1"}],"replies":[{"embeddable":true,"href":"https:\/\/padelgalis.com\/fr\/wp-json\/wp\/v2\/comments?post=10605"}],"version-history":[{"count":6,"href":"https:\/\/padelgalis.com\/fr\/wp-json\/wp\/v2\/pages\/10605\/revisions"}],"predecessor-version":[{"id":28766,"href":"https:\/\/padelgalis.com\/fr\/wp-json\/wp\/v2\/pages\/10605\/revisions\/28766"}],"wp:attachment":[{"href":"https:\/\/padelgalis.com\/fr\/wp-json\/wp\/v2\/media?parent=10605"}],"curies":[{"name":"wp","href":"https:\/\/api.w.org\/{rel}","templated":true}]}}