{"id":10611,"date":"2024-03-18T11:56:34","date_gmt":"2024-03-18T10:56:34","guid":{"rendered":"https:\/\/padelgalis.com\/domicile\/"},"modified":"2026-03-06T13:57:40","modified_gmt":"2026-03-06T12:57:40","slug":"domicile","status":"publish","type":"page","link":"https:\/\/padelgalis.com\/fr\/","title":{"rendered":"Accueil"},"content":{"rendered":"\n<p>.<\/p>\n\n<p><\/p>\n","protected":false},"excerpt":{"rendered":"<p>.<\/p>\n","protected":false},"author":1,"featured_media":0,"parent":0,"menu_order":0,"comment_status":"closed","ping_status":"closed","template":"","meta":{"_acf_changed":false,"_seopress_robots_primary_cat":"","_seopress_titles_title":"Empresa l\u00edder en construcci\u00f3n de pistas de p\u00e1del.","_seopress_titles_desc":"Padel Galis es la empresa N.1 en construcci\u00f3n e instalaci\u00f3n de pistas de p\u00e1del, con presencia en m\u00e1s de 70 pa\u00edses y con m\u00e1s de 10.000 pistas construidas. Tecnolog\u00eda avanzada y materiales de alta calidad para una experiencia de juego profesional. \u00a1Cont\u00e1ctanos para m\u00e1s informaci\u00f3n!","_seopress_robots_index":"","footnotes":""},"class_list":["post-10611","page","type-page","status-publish","hentry"],"acf":[],"_links":{"self":[{"href":"https:\/\/padelgalis.com\/fr\/wp-json\/wp\/v2\/pages\/10611","targetHints":{"allow":["GET"]}}],"collection":[{"href":"https:\/\/padelgalis.com\/fr\/wp-json\/wp\/v2\/pages"}],"about":[{"href":"https:\/\/padelgalis.com\/fr\/wp-json\/wp\/v2\/types\/page"}],"author":[{"embeddable":true,"href":"https:\/\/padelgalis.com\/fr\/wp-json\/wp\/v2\/users\/1"}],"replies":[{"embeddable":true,"href":"https:\/\/padelgalis.com\/fr\/wp-json\/wp\/v2\/comments?post=10611"}],"version-history":[{"count":13,"href":"https:\/\/padelgalis.com\/fr\/wp-json\/wp\/v2\/pages\/10611\/revisions"}],"predecessor-version":[{"id":36988,"href":"https:\/\/padelgalis.com\/fr\/wp-json\/wp\/v2\/pages\/10611\/revisions\/36988"}],"wp:attachment":[{"href":"https:\/\/padelgalis.com\/fr\/wp-json\/wp\/v2\/media?parent=10611"}],"curies":[{"name":"wp","href":"https:\/\/api.w.org\/{rel}","templated":true}]}}