{"id":10617,"date":"2024-05-13T22:41:31","date_gmt":"2024-05-13T20:41:31","guid":{"rendered":"https:\/\/padelgalis.com\/pistes\/"},"modified":"2025-02-21T11:33:45","modified_gmt":"2025-02-21T10:33:45","slug":"pistes","status":"publish","type":"page","link":"https:\/\/padelgalis.com\/fr\/pistes\/","title":{"rendered":"Pistes"},"content":{"rendered":"","protected":false},"excerpt":{"rendered":"","protected":false},"author":1,"featured_media":0,"parent":0,"menu_order":0,"comment_status":"closed","ping_status":"closed","template":"","meta":{"_acf_changed":false,"_seopress_robots_primary_cat":"","_seopress_titles_title":"Nos terrains de Padel - Innovation et qualit\u00e9 dans le Padel Galis","_seopress_titles_desc":"Chez Padel Galis, nous cr\u00e9ons des terrains de padel innovants et personnalis\u00e9s pour vous offrir la meilleure exp\u00e9rience de jeu.\nD\u00e9couvrez nos mod\u00e8les exclusifs : Pista Mundial, PPA, Special Edition, Wilson Elite, M360, Hurac\u00e1n et Atlas. Am\u00e9liorez votre jeu avec nos terrains de pointe. Contactez-nous et faites de votre projet de padel une r\u00e9alit\u00e9 d\u00e8s aujourd'hui !  ","_seopress_robots_index":"","footnotes":""},"class_list":["post-10617","page","type-page","status-publish","hentry"],"acf":[],"_links":{"self":[{"href":"https:\/\/padelgalis.com\/fr\/wp-json\/wp\/v2\/pages\/10617","targetHints":{"allow":["GET"]}}],"collection":[{"href":"https:\/\/padelgalis.com\/fr\/wp-json\/wp\/v2\/pages"}],"about":[{"href":"https:\/\/padelgalis.com\/fr\/wp-json\/wp\/v2\/types\/page"}],"author":[{"embeddable":true,"href":"https:\/\/padelgalis.com\/fr\/wp-json\/wp\/v2\/users\/1"}],"replies":[{"embeddable":true,"href":"https:\/\/padelgalis.com\/fr\/wp-json\/wp\/v2\/comments?post=10617"}],"version-history":[{"count":1,"href":"https:\/\/padelgalis.com\/fr\/wp-json\/wp\/v2\/pages\/10617\/revisions"}],"predecessor-version":[{"id":11172,"href":"https:\/\/padelgalis.com\/fr\/wp-json\/wp\/v2\/pages\/10617\/revisions\/11172"}],"wp:attachment":[{"href":"https:\/\/padelgalis.com\/fr\/wp-json\/wp\/v2\/media?parent=10617"}],"curies":[{"name":"wp","href":"https:\/\/api.w.org\/{rel}","templated":true}]}}